{"id":721,"date":"2022-11-07T12:05:01","date_gmt":"2022-11-07T11:05:01","guid":{"rendered":"http:\/\/www.soundseeing.net\/soundseeing\/"},"modified":"2023-10-30T19:07:53","modified_gmt":"2023-10-30T18:07:53","slug":"soundseeing","status":"publish","type":"page","link":"https:\/\/www.soundseeing.net\/en\/","title":{"rendered":"Soundseeing"},"content":{"rendered":"<h1>SOUNDSEEING \u2013 Seeing and hearing art<\/h1>\n<h2>March to August 2023: Sound art festival in the M\u00fcnsterland<\/h2>\n<p>Extraordinary sounds at cultural venues in M\u00fcnsterland. This has been the hallmark of the nationwide unique sound art festival SOUNDSEEING for more than 14 years. From Rheine to M\u00fcnster and from H\u00f6rstel to Bocholt, top-class sound art can be experienced at authentic locations throughout the M\u00fcnsterland and the city of M\u00fcnster. The festival begins at Kulturgut Haus Nottbeck in Oelde with the exhibition &#8220;Autokult Sketch Tr\u00fcbung&#8221;, which students from the Suchan Kinoshita class at the M\u00fcnster Art Academy are developing on site. The &#8220;exhibition square&#8221; on M\u00fcnsterland continues with a retrospective of the famous Dutch sound artist Paul Panhuysen from the beginning of May in the Kunsthalle Hawerkamp. Works by Peter Vogel &amp; Achim Vogel can be seen and heard at Burg Vischering in L\u00fcdinghausen from the end of May, and a solo exhibition by Nigerian artist Emeka Ogboh opens in June at DA, Kunsthaus Kloster Gravenhorst. In addition, there are playable installations, concerts and workshops in the K\u00fcnstlerdorf Sch\u00f6ppingen, the Kreativhaus Altenberge, the rock&#8217;n popmuseum Gronau, the ArtandTechSpace Rheine, the Landesmusikakademie NRW Heek, the Musikhochschule M\u00fcnster and in the city centres of Ibbenb\u00fcren and Bocholt. They enchant audiences with poetic sound objects, space-filling sound installations, interactive listening instructions and novel concert forms.<\/p>\n<p>&nbsp;<\/p>\n<h2>SOUNDSEEING for people with visual impairment<\/h2>\n<p>We want people with impaired vision to be able to experience the sound art festival. Therefore, we offer barrier-free usage options on our website.<br \/>\nWe have marked events and venues that are particularly suitable for people with visual impairments with this symbol.<\/p>\n<p><a class=\"pic\" href=\"https:\/\/www.soundseeing.net\/en\/presse\/\"><img loading=\"lazy\" decoding=\"async\" class=\"alignnone wp-image-1299\" src=\"http:\/\/www.soundseeing.net\/wp-content\/uploads\/2023\/01\/iStock-466019969-icon-sb-260px.png\" alt=\"Zeichen f\u00fcr barrierefreie Angebote f\u00fcr Menschen mit Sehbehinderungen\" width=\"150\" height=\"150\" srcset=\"https:\/\/www.soundseeing.net\/wp-content\/uploads\/2023\/01\/iStock-466019969-icon-sb-260px.png 260w, https:\/\/www.soundseeing.net\/wp-content\/uploads\/2023\/01\/iStock-466019969-icon-sb-260px-150x150.png 150w\" sizes=\"auto, (max-width: 150px) 100vw, 150px\" \/><\/a><\/p>\n<p>Feel free to contact us if you would like to know more about the respective offers!<\/p>\n<p><a href=\"https:\/\/www.soundseeing.net\/en\/presse\/\">+ Contact<\/a><\/p>\n","protected":false},"excerpt":{"rendered":"<p>SOUNDSEEING \u2013 Seeing and hearing art March to August 2023: Sound art festival in the M\u00fcnsterland Extraordinary sounds at cultural venues in M\u00fcnsterland. This has been the hallmark of the nationwide unique sound art festival SOUNDSEEING for more than 14 years. From Rheine to M\u00fcnster and from H\u00f6rstel to Bocholt, top-class sound art can be [&hellip;]<\/p>\n","protected":false},"author":1,"featured_media":0,"parent":0,"menu_order":1,"comment_status":"closed","ping_status":"closed","template":"_template_soundseeing.php","meta":{"_acf_changed":false,"footnotes":""},"class_list":["post-721","page","type-page","status-publish","hentry"],"acf":[],"yoast_head":"<!-- This site is optimized with the Yoast SEO plugin v27.1.1 - https:\/\/yoast.com\/product\/yoast-seo-wordpress\/ -->\n<title>Soundseeing - Soundseeing<\/title>\n<meta name=\"description\" content=\"Top-class sound art can be experienced at authentic locations throughout the M\u00fcnsterland and the city of M\u00fcnster.\" \/>\n<meta name=\"robots\" content=\"index, follow, max-snippet:-1, max-image-preview:large, max-video-preview:-1\" \/>\n<link rel=\"canonical\" href=\"https:\/\/www.soundseeing.net\/en\/\" \/>\n<meta property=\"og:locale\" content=\"en_US\" \/>\n<meta property=\"og:type\" content=\"article\" \/>\n<meta property=\"og:title\" content=\"Soundseeing - Soundseeing\" \/>\n<meta property=\"og:description\" content=\"Top-class sound art can be experienced at authentic locations throughout the M\u00fcnsterland and the city of M\u00fcnster.\" \/>\n<meta property=\"og:url\" content=\"https:\/\/www.soundseeing.net\/en\/\" \/>\n<meta property=\"og:site_name\" content=\"Soundseeing\" \/>\n<meta property=\"article:modified_time\" content=\"2023-10-30T18:07:53+00:00\" \/>\n<meta property=\"og:image\" content=\"http:\/\/www.soundseeing.net\/wp-content\/uploads\/2023\/01\/iStock-466019969-icon-sb-260px.png\" \/>\n<meta name=\"twitter:card\" content=\"summary_large_image\" \/>\n<meta name=\"twitter:label1\" content=\"Est. reading time\" \/>\n\t<meta name=\"twitter:data1\" content=\"2 minutes\" \/>\n<script type=\"application\/ld+json\" class=\"yoast-schema-graph\">{\"@context\":\"https:\/\/schema.org\",\"@graph\":[{\"@type\":\"WebPage\",\"@id\":\"https:\/\/www.soundseeing.net\/en\/\",\"url\":\"https:\/\/www.soundseeing.net\/en\/\",\"name\":\"Soundseeing - Soundseeing\",\"isPartOf\":{\"@id\":\"https:\/\/www.soundseeing.net\/en\/#website\"},\"primaryImageOfPage\":{\"@id\":\"https:\/\/www.soundseeing.net\/en\/#primaryimage\"},\"image\":{\"@id\":\"https:\/\/www.soundseeing.net\/en\/#primaryimage\"},\"thumbnailUrl\":\"http:\/\/www.soundseeing.net\/wp-content\/uploads\/2023\/01\/iStock-466019969-icon-sb-260px.png\",\"datePublished\":\"2022-11-07T11:05:01+00:00\",\"dateModified\":\"2023-10-30T18:07:53+00:00\",\"description\":\"Top-class sound art can be experienced at authentic locations throughout the M\u00fcnsterland and the city of M\u00fcnster.\",\"breadcrumb\":{\"@id\":\"https:\/\/www.soundseeing.net\/en\/#breadcrumb\"},\"inLanguage\":\"en-US\",\"potentialAction\":[{\"@type\":\"ReadAction\",\"target\":[\"https:\/\/www.soundseeing.net\/en\/\"]}]},{\"@type\":\"ImageObject\",\"inLanguage\":\"en-US\",\"@id\":\"https:\/\/www.soundseeing.net\/en\/#primaryimage\",\"url\":\"http:\/\/www.soundseeing.net\/wp-content\/uploads\/2023\/01\/iStock-466019969-icon-sb-260px.png\",\"contentUrl\":\"http:\/\/www.soundseeing.net\/wp-content\/uploads\/2023\/01\/iStock-466019969-icon-sb-260px.png\"},{\"@type\":\"BreadcrumbList\",\"@id\":\"https:\/\/www.soundseeing.net\/en\/#breadcrumb\",\"itemListElement\":[{\"@type\":\"ListItem\",\"position\":1,\"name\":\"Startseite\",\"item\":\"https:\/\/www.soundseeing.net\/en\/\"},{\"@type\":\"ListItem\",\"position\":2,\"name\":\"Soundseeing\"}]},{\"@type\":\"WebSite\",\"@id\":\"https:\/\/www.soundseeing.net\/en\/#website\",\"url\":\"https:\/\/www.soundseeing.net\/en\/\",\"name\":\"Soundseeing\",\"description\":\"Soundseeing\",\"potentialAction\":[{\"@type\":\"SearchAction\",\"target\":{\"@type\":\"EntryPoint\",\"urlTemplate\":\"https:\/\/www.soundseeing.net\/en\/?s={search_term_string}\"},\"query-input\":{\"@type\":\"PropertyValueSpecification\",\"valueRequired\":true,\"valueName\":\"search_term_string\"}}],\"inLanguage\":\"en-US\"}]}<\/script>\n<!-- \/ Yoast SEO plugin. -->","yoast_head_json":{"title":"Soundseeing - Soundseeing","description":"Top-class sound art can be experienced at authentic locations throughout the M\u00fcnsterland and the city of M\u00fcnster.","robots":{"index":"index","follow":"follow","max-snippet":"max-snippet:-1","max-image-preview":"max-image-preview:large","max-video-preview":"max-video-preview:-1"},"canonical":"https:\/\/www.soundseeing.net\/en\/","og_locale":"en_US","og_type":"article","og_title":"Soundseeing - Soundseeing","og_description":"Top-class sound art can be experienced at authentic locations throughout the M\u00fcnsterland and the city of M\u00fcnster.","og_url":"https:\/\/www.soundseeing.net\/en\/","og_site_name":"Soundseeing","article_modified_time":"2023-10-30T18:07:53+00:00","og_image":[{"url":"http:\/\/www.soundseeing.net\/wp-content\/uploads\/2023\/01\/iStock-466019969-icon-sb-260px.png","type":"","width":"","height":""}],"twitter_card":"summary_large_image","twitter_misc":{"Est. reading time":"2 minutes"},"schema":{"@context":"https:\/\/schema.org","@graph":[{"@type":"WebPage","@id":"https:\/\/www.soundseeing.net\/en\/","url":"https:\/\/www.soundseeing.net\/en\/","name":"Soundseeing - Soundseeing","isPartOf":{"@id":"https:\/\/www.soundseeing.net\/en\/#website"},"primaryImageOfPage":{"@id":"https:\/\/www.soundseeing.net\/en\/#primaryimage"},"image":{"@id":"https:\/\/www.soundseeing.net\/en\/#primaryimage"},"thumbnailUrl":"http:\/\/www.soundseeing.net\/wp-content\/uploads\/2023\/01\/iStock-466019969-icon-sb-260px.png","datePublished":"2022-11-07T11:05:01+00:00","dateModified":"2023-10-30T18:07:53+00:00","description":"Top-class sound art can be experienced at authentic locations throughout the M\u00fcnsterland and the city of M\u00fcnster.","breadcrumb":{"@id":"https:\/\/www.soundseeing.net\/en\/#breadcrumb"},"inLanguage":"en-US","potentialAction":[{"@type":"ReadAction","target":["https:\/\/www.soundseeing.net\/en\/"]}]},{"@type":"ImageObject","inLanguage":"en-US","@id":"https:\/\/www.soundseeing.net\/en\/#primaryimage","url":"http:\/\/www.soundseeing.net\/wp-content\/uploads\/2023\/01\/iStock-466019969-icon-sb-260px.png","contentUrl":"http:\/\/www.soundseeing.net\/wp-content\/uploads\/2023\/01\/iStock-466019969-icon-sb-260px.png"},{"@type":"BreadcrumbList","@id":"https:\/\/www.soundseeing.net\/en\/#breadcrumb","itemListElement":[{"@type":"ListItem","position":1,"name":"Startseite","item":"https:\/\/www.soundseeing.net\/en\/"},{"@type":"ListItem","position":2,"name":"Soundseeing"}]},{"@type":"WebSite","@id":"https:\/\/www.soundseeing.net\/en\/#website","url":"https:\/\/www.soundseeing.net\/en\/","name":"Soundseeing","description":"Soundseeing","potentialAction":[{"@type":"SearchAction","target":{"@type":"EntryPoint","urlTemplate":"https:\/\/www.soundseeing.net\/en\/?s={search_term_string}"},"query-input":{"@type":"PropertyValueSpecification","valueRequired":true,"valueName":"search_term_string"}}],"inLanguage":"en-US"}]}},"_links":{"self":[{"href":"https:\/\/www.soundseeing.net\/en\/wp-json\/wp\/v2\/pages\/721","targetHints":{"allow":["GET"]}}],"collection":[{"href":"https:\/\/www.soundseeing.net\/en\/wp-json\/wp\/v2\/pages"}],"about":[{"href":"https:\/\/www.soundseeing.net\/en\/wp-json\/wp\/v2\/types\/page"}],"author":[{"embeddable":true,"href":"https:\/\/www.soundseeing.net\/en\/wp-json\/wp\/v2\/users\/1"}],"replies":[{"embeddable":true,"href":"https:\/\/www.soundseeing.net\/en\/wp-json\/wp\/v2\/comments?post=721"}],"version-history":[{"count":27,"href":"https:\/\/www.soundseeing.net\/en\/wp-json\/wp\/v2\/pages\/721\/revisions"}],"predecessor-version":[{"id":2877,"href":"https:\/\/www.soundseeing.net\/en\/wp-json\/wp\/v2\/pages\/721\/revisions\/2877"}],"wp:attachment":[{"href":"https:\/\/www.soundseeing.net\/en\/wp-json\/wp\/v2\/media?parent=721"}],"curies":[{"name":"wp","href":"https:\/\/api.w.org\/{rel}","templated":true}]}}